{"id":4476,"date":"2024-05-10T11:33:58","date_gmt":"2024-05-10T08:33:58","guid":{"rendered":"https:\/\/cs.davidansushi.md\/?page_id=4476"},"modified":"2026-01-27T12:45:54","modified_gmt":"2026-01-27T09:45:54","slug":"maintenance","status":"publish","type":"page","link":"https:\/\/cs.davidansushi.md\/ru\/maintenance\/","title":{"rendered":"Maintenance"},"content":{"rendered":"<div data-elementor-type=\"wp-page\" data-elementor-id=\"4476\" class=\"elementor elementor-4476\" data-elementor-post-type=\"page\">\n\t\t\t\t<div class=\"elementor-element elementor-element-9655a0f wd-section-stretch e-flex e-con-boxed e-con e-parent\" data-id=\"9655a0f\" data-element_type=\"container\" data-settings=\"{&quot;background_background&quot;:&quot;classic&quot;}\">\n\t\t\t\t\t<div class=\"e-con-inner\">\n\t\t\t\t<div class=\"elementor-element elementor-element-e03556c elementor-widget elementor-widget-image\" data-id=\"e03556c\" data-element_type=\"widget\" data-widget_type=\"image.default\">\n\t\t\t\t<div class=\"elementor-widget-container\">\n\t\t\t\t\t\t\t\t\t\t\t\t\t\t\t<img decoding=\"async\" width=\"300\" height=\"77\" src=\"https:\/\/cs.davidansushi.md\/wp-content\/uploads\/2024\/04\/logo-red-300x77.png\" class=\"attachment-medium size-medium wp-image-4383\" alt=\"\" srcset=\"https:\/\/cs.davidansushi.md\/wp-content\/uploads\/2024\/04\/logo-red-300x77.png 300w, https:\/\/cs.davidansushi.md\/wp-content\/uploads\/2024\/04\/logo-red-768x198.png 768w, https:\/\/cs.davidansushi.md\/wp-content\/uploads\/2024\/04\/logo-red-18x5.png 18w, https:\/\/cs.davidansushi.md\/wp-content\/uploads\/2024\/04\/logo-red-600x155.png 600w, https:\/\/cs.davidansushi.md\/wp-content\/uploads\/2024\/04\/logo-red-150x39.png 150w, https:\/\/cs.davidansushi.md\/wp-content\/uploads\/2024\/04\/logo-red-103x27.png 103w, https:\/\/cs.davidansushi.md\/wp-content\/uploads\/2024\/04\/logo-red-149x38.png 149w, https:\/\/cs.davidansushi.md\/wp-content\/uploads\/2024\/04\/logo-red-160x41.png 160w, https:\/\/cs.davidansushi.md\/wp-content\/uploads\/2024\/04\/logo-red.png 800w\" sizes=\"(max-width: 300px) 100vw, 300px\" \/>\t\t\t\t\t\t\t\t\t\t\t\t\t\t\t<\/div>\n\t\t\t\t<\/div>\n\t\t\t\t<div class=\"elementor-element elementor-element-ec9e5ff elementor-widget elementor-widget-wd_text_block\" data-id=\"ec9e5ff\" data-element_type=\"widget\" data-widget_type=\"wd_text_block.default\">\n\t\t\t\t<div class=\"elementor-widget-container\">\n\t\t\t\t\t\t\t<div class=\"wd-text-block reset-last-child text-center\">\n\t\t\t\n\t\t\t<p style=\"text-align: center;\">Momentan efectu\u0103m lucr\u0103ri tehnice pentru \u00eembun\u0103t\u0103\u021birea serviciilor. Site-ul va fi din nou disponibil \u00een cursul zilei de joi (27.01.2026).<\/p>\n\t\t\t\t\t<\/div>\n\t\t\t\t\t\t<\/div>\n\t\t\t\t<\/div>\n\t\t\t\t\t<\/div>\n\t\t\t\t<\/div>\n\t\t\t\t<\/div>","protected":false},"excerpt":{"rendered":"<p>Momentan efectu\u0103m lucr\u0103ri tehnice pentru \u00eembun\u0103t\u0103\u021birea serviciilor. Site-ul va fi din nou disponibil \u00een cursul zilei de joi (27.01.2026).<\/p>","protected":false},"author":2,"featured_media":0,"parent":0,"menu_order":0,"comment_status":"closed","ping_status":"closed","template":"maintenance.php","meta":{"footnotes":""},"class_list":["post-4476","page","type-page","status-publish","hentry"],"jetpack_sharing_enabled":true,"_links":{"self":[{"href":"https:\/\/cs.davidansushi.md\/ru\/wp-json\/wp\/v2\/pages\/4476","targetHints":{"allow":["GET"]}}],"collection":[{"href":"https:\/\/cs.davidansushi.md\/ru\/wp-json\/wp\/v2\/pages"}],"about":[{"href":"https:\/\/cs.davidansushi.md\/ru\/wp-json\/wp\/v2\/types\/page"}],"author":[{"embeddable":true,"href":"https:\/\/cs.davidansushi.md\/ru\/wp-json\/wp\/v2\/users\/2"}],"replies":[{"embeddable":true,"href":"https:\/\/cs.davidansushi.md\/ru\/wp-json\/wp\/v2\/comments?post=4476"}],"version-history":[{"count":13,"href":"https:\/\/cs.davidansushi.md\/ru\/wp-json\/wp\/v2\/pages\/4476\/revisions"}],"predecessor-version":[{"id":6672,"href":"https:\/\/cs.davidansushi.md\/ru\/wp-json\/wp\/v2\/pages\/4476\/revisions\/6672"}],"wp:attachment":[{"href":"https:\/\/cs.davidansushi.md\/ru\/wp-json\/wp\/v2\/media?parent=4476"}],"curies":[{"name":"wp","href":"https:\/\/api.w.org\/{rel}","templated":true}]}}